{"id":1504,"date":"2025-09-20T15:04:24","date_gmt":"2025-09-20T15:04:24","guid":{"rendered":"https:\/\/lopertech.net\/?page_id=1504"},"modified":"2025-09-23T19:51:35","modified_gmt":"2025-09-23T19:51:35","slug":"contacto","status":"publish","type":"page","link":"https:\/\/lopertech.net\/en\/contacto\/","title":{"rendered":"Contact"},"content":{"rendered":"<div data-elementor-type=\"wp-page\" data-elementor-id=\"1504\" class=\"elementor elementor-1504\" data-elementor-post-type=\"page\">\n\t\t\t\t<div class=\"elementor-element elementor-element-719ca98 e-flex e-con-boxed e-con e-parent\" data-id=\"719ca98\" data-element_type=\"container\">\n\t\t\t\t\t<div class=\"e-con-inner\">\n\t\t\t\t<div class=\"elementor-element elementor-element-d571cd0 elementor-widget elementor-widget-html\" data-id=\"d571cd0\" data-element_type=\"widget\" data-widget_type=\"html.default\">\n\t\t\t\t<div class=\"elementor-widget-container\">\n\t\t\t\t\t<div class=\"full-width-section-main-contact\">\n  <div class=\"content-wrapper\">\n    <h1>Contact Lopertech today<\/h1>\n    <br>\n    <p>We would love to hear from you and help you.<\/p>\n  <\/div>\n<\/div>\t\t\t\t<\/div>\n\t\t\t\t<\/div>\n\t\t\t\t\t<\/div>\n\t\t\t\t<\/div>\n\t\t<div class=\"elementor-element elementor-element-8d3cb53 e-grid e-con-boxed e-con e-parent\" data-id=\"8d3cb53\" data-element_type=\"container\">\n\t\t\t\t\t<div class=\"e-con-inner\">\n\t\t\t\t<div class=\"elementor-element elementor-element-81a64f0 elementor-widget elementor-widget-html\" data-id=\"81a64f0\" data-element_type=\"widget\" data-widget_type=\"html.default\">\n\t\t\t\t<div class=\"elementor-widget-container\">\n\t\t\t\t\t    <!-- Imagen de contacto -->\n    <div class=\"wp-block-uagb-image uagb-block-79526662 wp-block-uagb-image--layout-default wp-block-uagb-image--effect-static wp-block-uagb-image--align-none seccion2 imagen-contacto\">\n      <figure class=\"wp-block-uagb-image__figure\">\n        <img decoding=\"async\" class=\"uag-image-706\" title=\"contact-img\" role=\"img\" src=\"https:\/\/lopertech.net\/wp-content\/uploads\/2024\/12\/numbers-projected-on-face-5952651.jpeg\" alt=\"Imagen de contacto\" style=\"max-width: 100%; height: auto; object-fit: cover;\">\n      <\/figure>\n    <\/div>\n\t\t\t\t<\/div>\n\t\t\t\t<\/div>\n\t\t\t\t<div class=\"elementor-element elementor-element-e346ce5 elementor-widget elementor-widget-html\" data-id=\"e346ce5\" data-element_type=\"widget\" data-widget_type=\"html.default\">\n\t\t\t\t<div class=\"elementor-widget-container\">\n\t\t\t\t\t\n<!-- Incluir Font Awesome para los iconos -->\n<link href=\"https:\/\/cdnjs.cloudflare.com\/ajax\/libs\/font-awesome\/6.0.0-beta3\/css\/all.min.css\" rel=\"stylesheet\">\n\n<!-- Secci\u00f3n de contenido de contacto -->\n<div class=\"uagb-container-inner-blocks-wrap seccion2 contenido-contacto\">\n  \n  <!-- T\u00edtulo principal -->\n  <div class=\"wp-block-uagb-advanced-heading uagb-block-9b33255e seccion2\">\n    <h2 class=\"uagb-heading-text seccion2\">Contact us for more information<\/h2>\n  <\/div>\n\n  <!-- Tel\u00e9fono -->\n  <div class=\"wp-block-uagb-advanced-heading uagb-block-c024fece seccion2\">\n    <p class=\"uagb-desc-text seccion2\">Phone number<\/p>\n    <h3 class=\"uagb-heading-text seccion2\">+1 (702) 353 0349<\/h3>\n    <div class=\"uagb-separator seccion2\"><\/div>\n  <\/div>\n\n  <!-- Correo electr\u00f3nico -->\n  <div class=\"wp-block-uagb-advanced-heading uagb-block-8edb5a4a seccion2\">\n    <p class=\"uagb-desc-text seccion2\">email<\/p>\n    <h3 class=\"uagb-heading-text seccion2\">lopertech@lopertech.net<\/h3>\n    <div class=\"uagb-separator seccion2\"><\/div>\n  <\/div>\n\n  <!-- Direcci\u00f3n -->\n  <div class=\"wp-block-uagb-advanced-heading uagb-block-033dd052 seccion2\">\n    <p class=\"uagb-desc-text seccion2\">Address<\/p>\n    <h3 class=\"uagb-heading-text seccion2\">300 East 2nd Street Suite 1510 #1017 Reno, NV 89501<\/h3>\n    <div class=\"uagb-separator seccion2\"><\/div>\n  <\/div>\n\n  <!-- Redes sociales -->\n  <div class=\"wp-block-uagb-container uagb-layout-flex uagb-block-d09907c9 seccion2\">\n    <!-- T\u00edtulo de redes sociales -->\n    <div class=\"wp-block-uagb-advanced-heading uagb-block-ce19f002 seccion2\">\n      <p class=\"uagb-desc-text seccion2\">Social networks<\/p>\n    <\/div>\n\n    <!-- Lista de iconos con enlaces -->\n    <div class=\"wp-block-uagb-icon-list uagb-block-8ec401ad seccion2\">\n      <div class=\"uagb-icon-list__wrap\">\n        <!-- Iconos de redes sociales -->\n        <div class=\"wp-block-uagb-icon-list-child uagb-block-3cb90d88 seccion2\">\n          <a href=\"https:\/\/facebook.com\/tu-pagina\" target=\"_blank\" style=\"text-decoration: none;\">\n            <i class=\"fab fa-facebook\" style=\"font-size: 20px; color: var(--ast-global-color-2);\"><\/i>\n          <\/a>\n        <\/div>\n        <div class=\"wp-block-uagb-icon-list-child uagb-block-925765c8 seccion2\">\n          <a href=\"https:\/\/twitter.com\/tu-perfil\" target=\"_blank\" style=\"text-decoration: none;\">\n            <i class=\"fab fa-twitter\" style=\"font-size: 20px; color: var(--ast-global-color-2);\"><\/i>\n          <\/a>\n        <\/div>\n        <div class=\"wp-block-uagb-icon-list-child uagb-block-76251d4f seccion2\">\n          <a href=\"https:\/\/instagram.com\/tu-perfil\" target=\"_blank\" style=\"text-decoration: none;\">\n            <i class=\"fab fa-instagram\" style=\"font-size: 20px; color: var(--ast-global-color-2);\"><\/i>\n          <\/a>\n        <\/div>\n        <div class=\"wp-block-uagb-icon-list-child uagb-block-19f1bcd9 seccion2\">\n          <a href=\"https:\/\/youtube.com\/c\/tu-canal\" target=\"_blank\" style=\"text-decoration: none;\">\n            <i class=\"fab fa-youtube\" style=\"font-size: 20px; color: var(--ast-global-color-2);\"><\/i>\n          <\/a>\n        <\/div>\n        <div class=\"wp-block-uagb-icon-list-child uagb-block-f139fff5 seccion2\">\n          <a href=\"https:\/\/linkedin.com\/in\/tu-perfil\" target=\"_blank\" style=\"text-decoration: none;\">\n            <i class=\"fab fa-linkedin-in\" style=\"font-size: 20px; color: var(--ast-global-color-2);\"><\/i>\n          <\/a>\n        <\/div>\n      <\/div>\n    <\/div>\n  <\/div>\n\n<\/div>\n\t\t\t\t<\/div>\n\t\t\t\t<\/div>\n\t\t\t\t\t<\/div>\n\t\t\t\t<\/div>\n\t\t<div class=\"elementor-element elementor-element-4425d23 e-con-full e-flex e-con e-parent\" data-id=\"4425d23\" data-element_type=\"container\">\n\t\t\t\t<div class=\"elementor-element elementor-element-de6533d elementor-widget__width-inherit elementor-widget elementor-widget-html\" data-id=\"de6533d\" data-element_type=\"widget\" data-widget_type=\"html.default\">\n\t\t\t\t<div class=\"elementor-widget-container\">\n\t\t\t\t\t<!DOCTYPE html>\n<html lang=\"es\">\n<head>\n    <meta charset=\"UTF-8\">\n    <meta name=\"viewport\" content=\"width=device-width, initial-scale=1.0\">\n    <title>Secci\u00f3n de Contacto<\/title>\n    <style>\n        \/* Estilos de la secci\u00f3n del formulario y el mapa *\/\n        .contact-section-container {\n            width: 100vw;\n            position: relative;\n            left: 50%;\n            right: 50%;\n            margin-left: -50vw;\n            margin-right: -50vw;\n            background-color: #1A202C; \/* Fondo oscuro espec\u00edfico para esta secci\u00f3n *\/\n            padding: 120px 40px 300px 40px; \/* Padding ajustado: superior, derecho, inferior, izquierdo *\/\n            box-sizing: border-box;\n            display: flex;\n            justify-content: center;\n            align-items: flex-start;\n        }\n\n        .contact-section-container .content-wrapper {\n            display: flex;\n            width: 100%;\n            max-width: 1200px;\n            gap: 120px;\n        }\n\n        .contact-section-container .form-content {\n            flex: 1;\n            max-width: 50%;\n        }\n\n        .contact-section-container .map-content {\n            flex: 1;\n            max-width: 50%;\n        }\n\n        \/* T\u00edtulos y texto *\/\n        .contact-section-container h2 {\n            font-size: 3rem;\n            font-weight: 700;\n            line-height: 1.2;\n            margin-bottom: 10px;\n            color: #ffffff;\n        }\n\n        .contact-section-container p {\n            font-size: 1.125rem;\n            color: #E2E8F0;\n            line-height: 1.5;\n            margin-bottom: 30px;\n        }\n\n        \/* Estilos del formulario *\/\n        .contact-section-container form {\n            display: flex;\n            flex-direction: column;\n            gap: 45px;\n        }\n\n        .contact-section-container .name-inputs {\n            display: flex;\n            gap: 15px;\n        }\n\n        .contact-section-container input, .contact-section-container textarea {\n            width: 100%;\n            padding: 12px 16px;\n            border: 1px solid #718096;\n            border-radius: 6px;\n            background-color: #4A5568;\n            color: #fff;\n            font-size: 1rem;\n            box-sizing: border-box;\n        }\n\n        .contact-section-container input::placeholder, .contact-section-container textarea::placeholder {\n            color: #A0AEC0;\n        }\n\n        .contact-section-container .contact-form-button-container {\n            text-align: left;\n        }\n\n        .contact-section-container button {\n            background-color: #4299E1;\n            color: white;\n            padding: 8px 16px; \/* M\u00e1s peque\u00f1o *\/\n            font-size: 0.9rem; \/* Opcional *\/\n            font-weight: 600;\n            border: none;\n            border-radius: 6px;\n            cursor: pointer;\n            transition: background-color 0.3s ease;\n            text-transform: uppercase;\n        }\n\n        .contact-section-container button:hover {\n            background-color: #3182CE;\n        }\n\n        \/* Estilos del mapa *\/\n        .contact-section-container .map-wrapper {\n            width: 100%;\n            height: 520px;\n            border-radius: 6px;\n            overflow: hidden;\n            box-shadow: 0 4px 8px rgba(0, 0, 0, 0.3);\n        }\n\n        .contact-section-container .map-wrapper iframe {\n            width: 100%;\n            height: 100%;\n            border: none;\n        }\n\n        \/* Estilos responsivos *\/\n        @media (max-width: 1024px) {\n            .contact-section-container {\n                padding: 80px 30px;\n            }\n            .contact-section-container .content-wrapper {\n                flex-direction: column;\n                gap: 50px;\n            }\n            .contact-section-container .form-content, .contact-section-container .map-content {\n                max-width: 100%;\n            }\n        }\n    <\/style>\n<\/head>\n<body>\n    <div class=\"contact-section-container\">\n        <div class=\"content-wrapper\">\n            <div class=\"form-content\">\n                <h2>Fill out our form to contact us<\/h2>\n                <p>We are here to answer your questions and offer you personalized support.<\/p>\n                <form action=\"\">\n                    <div class=\"name-inputs\">\n                        <input type=\"text\" placeholder=\"Name\" required>\n                        <input type=\"text\" placeholder=\"Last name\" required>\n                    <\/div>\n                    <input type=\"email\" placeholder=\"email\" required>\n                    <textarea placeholder=\"Write your message...\" rows=\"4\" required><\/textarea>\n                    <div class=\"contact-form-button-container\">\n                      <button type=\"submit\">Send<\/button>\n                    <\/div>\n                <input type=\"hidden\" name=\"trp-form-language\" value=\"en\"\/><\/form>\n            <\/div>\n            <div class=\"map-content\">\n                <div class=\"map-wrapper\">\n                    <iframe src=\"https:\/\/www.google.com\/maps\/embed?pb=!1m18!1m12!1m3!1d3080.005391993433!2d-119.81428382343208!3d39.52553011400877!2m3!1f0!2f0!3f0!3m2!1i1024!2i768!4f13.1!3m3!1m2!1s0x809940b540c11545%3A0x6b15802319c6f2a7!2s300%20E%202nd%20St%20%231017%2C%20Reno%2C%20NV%2089501%2C%20USA!5e0!3m2!1sen!2sro!4v1716301389868!5m2!1sen!2sro\" width=\"100%\" height=\"100%\" style=\"border:0;\" allowfullscreen=\"\" loading=\"lazy\" referrerpolicy=\"no-referrer-when-downgrade\"><\/iframe> width=\"100%\" height=\"100%\" style=\"border:0;\" allowfullscreen=\"\" loading=\"lazy\"><\/iframe>\n                <\/div>\n            <\/div>\n        <\/div>\n    <\/div>\n<\/body>\n<\/html>\t\t\t\t<\/div>\n\t\t\t\t<\/div>\n\t\t\t\t<\/div>\n\t\t<div class=\"elementor-element elementor-element-c6da2b2 e-flex e-con-boxed e-con e-parent\" data-id=\"c6da2b2\" data-element_type=\"container\">\n\t\t\t\t\t<div class=\"e-con-inner\">\n\t\t\t\t<div class=\"elementor-element elementor-element-cc8cac4 elementor-widget elementor-widget-html\" data-id=\"cc8cac4\" data-element_type=\"widget\" data-widget_type=\"html.default\">\n\t\t\t\t<div class=\"elementor-widget-container\">\n\t\t\t\t\t<div class=\"complete-banner-section\">\n    <div class=\"overlay\"><\/div>\n    <div class=\"content-wrapper\">\n        <p class=\"title-prefix\">Join our revolution!<\/p>\n        <h2 class=\"main-title\">Protect your digital future now.<\/h2>\n        <p class=\"description\">Contact us and discover how our cybersecurity solutions can transform your business and secure your information.<\/p>\n        <a href=\"\/en\/contact\/\" class=\"cta-button\">Schedule your meeting now<\/a>\n    <\/div>\n<\/div>\n\n<style>\n.complete-banner-section {\n    position: relative;\n    background-image: url('https:\/\/lopertech.net\/wp-content\/uploads\/2024\/12\/computer-program-language-text-614117.jpeg');\n    background-size: cover;\n    background-position: center;\n    padding: 100px 170px;\n    text-align: center;\n    color: #ffffff;\n}\n\n\/* Superposici\u00f3n de fondo (overlay) *\/\n.complete-banner-section .overlay {\n    position: absolute;\n    top: 0;\n    left: 0;\n    width: 100%;\n    height: 100%;\n    background-color: var(--ast-global-color-7, rgba(51, 51, 51, 0.6));\n    opacity: 0.6;\n    z-index: 1;\n}\n\n\/* Contenido sobre el overlay *\/\n.complete-banner-section .content-wrapper {\n    position: relative;\n    z-index: 2;\n}\n\n.complete-banner-section .title-prefix {\n    color: var(--ast-global-color-0, #007bff);\n    font-size: 16px;\n    font-weight: 700;\n    line-height: 1.2;\n    text-transform: uppercase;\n    letter-spacing: 2px;\n}\n\n.complete-banner-section .main-title {\n    color: #ffffff;\n    font-size: 32px;\n    font-weight: 700;\n    line-height: 1.2;\n    margin-top: 14px;\n    margin-bottom: 0;\n}\n\n.complete-banner-section .description {\n    color: #ffffff;\n    font-size: 18px;\n    line-height: 1.5;\n    margin-top: 0;\n    margin-bottom: 32px;\n}\n\n.complete-banner-section .cta-button {\n    background-color: #007bff;  \/* Color de fondo inicial *\/\n    color: white;  \/* Color de texto inicial *\/\n    padding: 12px 30px;  \/* Espaciado del bot\u00f3n *\/\n    text-decoration: none;  \/* Sin subrayado *\/\n    font-weight: 700;  \/* Negrita *\/\n    margin-right: 15px;  \/* Espacio a la derecha *\/\n    display: inline-block;  \/* Hacer el bot\u00f3n en l\u00ednea *\/\n    border-radius: 0;  \/* Sin bordes redondeados *\/\n    text-transform: uppercase;  \/* Convertir el texto a may\u00fasculas *\/\n    transition: background-color 0.3s ease, color 0.3s ease, transform 0.3s ease;  \/* Transici\u00f3n suave para fondo, color y escalado *\/\n}\n\n.complete-banner-section .cta-button:hover {\n    background-color: #0056b3;  \/* Nuevo color de fondo en hover (m\u00e1s oscuro) *\/\n    color: #ffffff;  \/* Nuevo color de texto en hover (blanco) *\/\n    transform: scale(1.1);  \/* Efecto de aumento al pasar el rat\u00f3n *\/\n}\n\n\n\/* Ajustes responsivos *\/\n@media (max-width: 768px) {\n    .complete-banner-section {\n        padding: 60px 40px;\n    }\n}\n@media (max-width: 480px) {\n    .complete-banner-section {\n        padding: 40px 20px;\n    }\n}\n<\/style>\t\t\t\t<\/div>\n\t\t\t\t<\/div>\n\t\t\t\t\t<\/div>\n\t\t\t\t<\/div>\n\t\t\t\t<\/div>","protected":false},"excerpt":{"rendered":"<p>P\u00f3ngase en contacto con Lopertech hoy mismo Nos encantar\u00eda saber de usted y ayudarle Cont\u00e1ctenos para m\u00e1s informaci\u00f3n Tel\u00e9fono +1 [&hellip;]<\/p>","protected":false},"author":3,"featured_media":0,"parent":0,"menu_order":0,"comment_status":"closed","ping_status":"closed","template":"elementor_header_footer","meta":{"_uag_custom_page_level_css":"","site-sidebar-layout":"default","site-content-layout":"","ast-site-content-layout":"default","site-content-style":"default","site-sidebar-style":"default","ast-global-header-display":"","ast-banner-title-visibility":"","ast-main-header-display":"","ast-hfb-above-header-display":"","ast-hfb-below-header-display":"","ast-hfb-mobile-header-display":"","site-post-title":"disabled","ast-breadcrumbs-content":"","ast-featured-img":"","footer-sml-layout":"","ast-disable-related-posts":"","theme-transparent-header-meta":"enabled","adv-header-id-meta":"","stick-header-meta":"","header-above-stick-meta":"","header-main-stick-meta":"","header-below-stick-meta":"","astra-migrate-meta-layouts":"default","ast-page-background-enabled":"default","ast-page-background-meta":{"desktop":{"background-color":"var(--ast-global-color-4)","background-image":"","background-repeat":"repeat","background-position":"center center","background-size":"auto","background-attachment":"scroll","background-type":"","background-media":"","overlay-type":"","overlay-color":"","overlay-opacity":"","overlay-gradient":""},"tablet":{"background-color":"","background-image":"","background-repeat":"repeat","background-position":"center center","background-size":"auto","background-attachment":"scroll","background-type":"","background-media":"","overlay-type":"","overlay-color":"","overlay-opacity":"","overlay-gradient":""},"mobile":{"background-color":"","background-image":"","background-repeat":"repeat","background-position":"center center","background-size":"auto","background-attachment":"scroll","background-type":"","background-media":"","overlay-type":"","overlay-color":"","overlay-opacity":"","overlay-gradient":""}},"ast-content-background-meta":{"desktop":{"background-color":"var(--ast-global-color-5)","background-image":"","background-repeat":"repeat","background-position":"center center","background-size":"auto","background-attachment":"scroll","background-type":"","background-media":"","overlay-type":"","overlay-color":"","overlay-opacity":"","overlay-gradient":""},"tablet":{"background-color":"var(--ast-global-color-5)","background-image":"","background-repeat":"repeat","background-position":"center center","background-size":"auto","background-attachment":"scroll","background-type":"","background-media":"","overlay-type":"","overlay-color":"","overlay-opacity":"","overlay-gradient":""},"mobile":{"background-color":"var(--ast-global-color-5)","background-image":"","background-repeat":"repeat","background-position":"center center","background-size":"auto","background-attachment":"scroll","background-type":"","background-media":"","overlay-type":"","overlay-color":"","overlay-opacity":"","overlay-gradient":""}},"footnotes":""},"class_list":["post-1504","page","type-page","status-publish","hentry"],"uagb_featured_image_src":{"full":false,"thumbnail":false,"medium":false,"medium_large":false,"large":false,"1536x1536":false,"2048x2048":false,"trp-custom-language-flag":false},"uagb_author_info":{"display_name":"zutvbegl2pox","author_link":"https:\/\/lopertech.net\/en\/author\/zutvbegl2pox\/"},"uagb_comment_info":0,"uagb_excerpt":"P\u00f3ngase en contacto con Lopertech hoy mismo Nos encantar\u00eda saber de usted y ayudarle Cont\u00e1ctenos para m\u00e1s informaci\u00f3n Tel\u00e9fono +1 [&hellip;]","_links":{"self":[{"href":"https:\/\/lopertech.net\/en\/wp-json\/wp\/v2\/pages\/1504","targetHints":{"allow":["GET"]}}],"collection":[{"href":"https:\/\/lopertech.net\/en\/wp-json\/wp\/v2\/pages"}],"about":[{"href":"https:\/\/lopertech.net\/en\/wp-json\/wp\/v2\/types\/page"}],"author":[{"embeddable":true,"href":"https:\/\/lopertech.net\/en\/wp-json\/wp\/v2\/users\/3"}],"replies":[{"embeddable":true,"href":"https:\/\/lopertech.net\/en\/wp-json\/wp\/v2\/comments?post=1504"}],"version-history":[{"count":223,"href":"https:\/\/lopertech.net\/en\/wp-json\/wp\/v2\/pages\/1504\/revisions"}],"predecessor-version":[{"id":1946,"href":"https:\/\/lopertech.net\/en\/wp-json\/wp\/v2\/pages\/1504\/revisions\/1946"}],"wp:attachment":[{"href":"https:\/\/lopertech.net\/en\/wp-json\/wp\/v2\/media?parent=1504"}],"curies":[{"name":"wp","href":"https:\/\/api.w.org\/{rel}","templated":true}]}}